{"id":93,"date":"2024-02-09T23:12:57","date_gmt":"2024-02-09T22:12:57","guid":{"rendered":"https:\/\/fiaup.umh.es\/?page_id=93"},"modified":"2025-03-31T13:12:14","modified_gmt":"2025-03-31T11:12:14","slug":"inscripcion","status":"publish","type":"page","link":"https:\/\/fiaup.umh.es\/en\/inscripcion\/","title":{"rendered":"Inicio"},"content":{"rendered":"<p>[et_pb_section fb_built=&#8221;1&#8243; _builder_version=&#8221;4.17.4&#8243; _module_preset=&#8221;default&#8221; background_color=&#8221;#b3b3b3&#8243; background_image=&#8221;https:\/\/fiaup.umh.es\/files\/2024\/02\/2bannerIA.jpg&#8221; width=&#8221;100%&#8221; module_alignment=&#8221;center&#8221; height=&#8221;270px&#8221; height_tablet=&#8221;270px&#8221; height_phone=&#8221;270px&#8221; height_last_edited=&#8221;on|phone&#8221; collapsed=&#8221;off&#8221; global_colors_info=&#8221;{}&#8221;][et_pb_row _builder_version=&#8221;4.17.4&#8243; _module_preset=&#8221;default&#8221; custom_margin_tablet=&#8221;&#8221; custom_margin_phone=&#8221;-30px||||false|false&#8221; custom_margin_last_edited=&#8221;on|phone&#8221; global_colors_info=&#8221;{}&#8221;][et_pb_column type=&#8221;4_4&#8243; _builder_version=&#8221;4.17.4&#8243; _module_preset=&#8221;default&#8221; global_colors_info=&#8221;{}&#8221;][et_pb_text _builder_version=&#8221;4.17.4&#8243; _module_preset=&#8221;default&#8221; text_font=&#8221;|700|||||||&#8221; text_text_color=&#8221;#FFFFFF&#8221; text_font_size=&#8221;40px&#8221; text_line_height=&#8221;1.5em&#8221; global_colors_info=&#8221;{}&#8221;]<\/p>\n<p><span style=\"color: #ffffff\"><strong>Fundamentos IA usando Python &#8211; 2025<\/strong><\/span><\/p>\n<p>[\/et_pb_text][\/et_pb_column][\/et_pb_row][\/et_pb_section][et_pb_section fb_built=&#8221;1&#8243; _builder_version=&#8221;4.17.4&#8243; _module_preset=&#8221;default&#8221; background_color=&#8221;#FFFFFF&#8221; background_enable_image=&#8221;off&#8221; background_blend=&#8221;overlay&#8221; min_height=&#8221;564px&#8221; custom_margin=&#8221;-17px|||||&#8221; custom_padding=&#8221;21px|||||&#8221; global_colors_info=&#8221;{}&#8221;][et_pb_row _builder_version=&#8221;4.17.4&#8243; _module_preset=&#8221;default&#8221; transform_scale_tablet=&#8221;&#8221; transform_scale_phone=&#8221;&#8221; transform_scale_last_edited=&#8221;on|phone&#8221; transform_translate=&#8221;0px|79px&#8221; transform_translate_tablet=&#8221;0px|79px&#8221; transform_translate_phone=&#8221;0px|0px&#8221; transform_translate_last_edited=&#8221;on|desktop&#8221; transform_translate_linked=&#8221;off&#8221; transform_rotate_tablet=&#8221;&#8221; transform_rotate_phone=&#8221;&#8221; transform_rotate_last_edited=&#8221;on|desktop&#8221; transform_skew_tablet=&#8221;&#8221; transform_skew_phone=&#8221;&#8221; transform_skew_last_edited=&#8221;on|desktop&#8221; transform_origin_tablet=&#8221;&#8221; transform_origin_phone=&#8221;&#8221; transform_origin_last_edited=&#8221;on|desktop&#8221; transform_styles_last_edited=&#8221;on|phone&#8221; min_height=&#8221;919.8px&#8221; custom_padding=&#8221;6px||76px||false|false&#8221; transform_styles_tablet=&#8221;&#8221; transform_styles_phone=&#8221;&#8221; global_colors_info=&#8221;{}&#8221;][et_pb_column type=&#8221;4_4&#8243; _builder_version=&#8221;4.17.4&#8243; _module_preset=&#8221;default&#8221; global_colors_info=&#8221;{}&#8221;][et_pb_text _builder_version=&#8221;4.17.4&#8243; _module_preset=&#8221;default&#8221; text_font=&#8221;Heebo|500|||||||&#8221; header_font=&#8221;Overpass||||||||&#8221; header_2_font=&#8221;Heebo|600|||||||&#8221; text_orientation=&#8221;right&#8221; width=&#8221;100%&#8221; max_width_tablet=&#8221;95%&#8221; max_width_phone=&#8221;95%&#8221; max_width_last_edited=&#8221;on|tablet&#8221; module_alignment=&#8221;right&#8221; custom_margin=&#8221;0px||||false|false&#8221; custom_padding=&#8221;||0px|||&#8221; inline_fonts=&#8221;Heebo&#8221; global_colors_info=&#8221;{}&#8221;]<\/p>\n<h1 style=\"text-align: left\">Inscripci\u00f3n<\/h1>\n<p>[\/et_pb_text][et_pb_text _builder_version=&#8221;4.17.4&#8243; _module_preset=&#8221;default&#8221; text_font_size=&#8221;16px&#8221; global_colors_info=&#8221;{}&#8221;]<\/p>\n<p>&nbsp;<\/p>\n<p>Este curso est\u00e1 financiado completamente por la Universidad Miguel Hern\u00e1ndez de Elche por el que se convocar\u00e1n <strong>250 plazas <\/strong>para estudiantes de doctorado, grado o m\u00e1ster oficial de la Universidad Miguel Hern\u00e1ndez de Elche, preferentemente de ramas diferentes a la Ingenier\u00eda.<\/p>\n<p>El estudiante no tendr\u00e1 que abonar tasa de matr\u00edcula alguna.<\/p>\n<p>La <strong>preinscripci\u00f3n<\/strong> en el curso se realizar\u00e1 a trav\u00e9s del formulario de inscripci\u00f3n de estudios propios y formaci\u00f3n de la UMH: <a href=\"https:\/\/universite.umh.es\/fpogestion\/aspx\/Preinscripcion\/Preinscripcion.aspx\">https:\/\/universite.umh.es\/fpogestion\/aspx\/Preinscripcion\/Preinscripcion.aspx<\/a>\u00a0<br \/>eligiendo:<\/p>\n<p>Tipo de ense\u00f1anza = &#8220;Certificado de Formaci\u00f3n Permanente&#8221; y<br \/>Ense\u00f1anza = &#8220;<span>FUNDAMENTOS DE IA USANDO PYTHON. VI EDICI\u00d3N&#8221;<\/span><\/p>\n<p><span><\/span><\/p>\n<p>La <strong>selecci\u00f3n<\/strong> de participantes se realizar\u00e1 por riguroso orden de preinscripci\u00f3n hasta completar el tama\u00f1o m\u00e1ximo del grupo que ser\u00e1 de 125 estudiantes.<\/p>\n<p>&nbsp;<\/p>\n<p><strong>Plazo de preinscipci\u00f3n para la 6\u00aa edici\u00f3n del curso<\/strong>: del 1 al 22 de abril de 2025<\/p>\n<p><strong>Selecci\u00f3n de las primeras 125 plazas<\/strong>: 30 de abril de 2025<\/p>\n<p>&nbsp;<\/p>\n<p>&nbsp;<\/p>\n<p><strong>Plazo de preinscipci\u00f3n previsto para la 7\u00aa edici\u00f3n del curso<\/strong>: septiembre de 2025 (se anunciar\u00e1 m\u00e1s adelante)<\/p>\n<p>&nbsp;<\/p>\n<p>Para cualquier duda sobre este curso, env\u00eda un correo a fiaup@umh.es<\/p>\n<p>&nbsp;<\/p>\n<p>[\/et_pb_text][\/et_pb_column][\/et_pb_row][\/et_pb_section]<\/p>\n","protected":false},"excerpt":{"rendered":"<p>Fundamentos IA usando Python &#8211; 2025Inscripci\u00f3n&nbsp; Este curso est\u00e1 financiado completamente por la Universidad Miguel Hern\u00e1ndez de Elche por el que se convocar\u00e1n 250 plazas para estudiantes de doctorado, grado o m\u00e1ster oficial de la Universidad Miguel Hern\u00e1ndez de Elche, preferentemente de ramas diferentes a la Ingenier\u00eda. El estudiante no tendr\u00e1 que abonar tasa de [&hellip;]<\/p>\n","protected":false},"author":19,"featured_media":0,"parent":0,"menu_order":0,"comment_status":"closed","ping_status":"closed","template":"","meta":{"_et_pb_use_builder":"on","_et_pb_old_content":"","_et_gb_content_width":"","_links_to":"","_links_to_target":""},"_links":{"self":[{"href":"https:\/\/fiaup.umh.es\/en\/wp-json\/wp\/v2\/pages\/93"}],"collection":[{"href":"https:\/\/fiaup.umh.es\/en\/wp-json\/wp\/v2\/pages"}],"about":[{"href":"https:\/\/fiaup.umh.es\/en\/wp-json\/wp\/v2\/types\/page"}],"author":[{"embeddable":true,"href":"https:\/\/fiaup.umh.es\/en\/wp-json\/wp\/v2\/users\/19"}],"replies":[{"embeddable":true,"href":"https:\/\/fiaup.umh.es\/en\/wp-json\/wp\/v2\/comments?post=93"}],"version-history":[{"count":0,"href":"https:\/\/fiaup.umh.es\/en\/wp-json\/wp\/v2\/pages\/93\/revisions"}],"wp:attachment":[{"href":"https:\/\/fiaup.umh.es\/en\/wp-json\/wp\/v2\/media?parent=93"}],"curies":[{"name":"wp","href":"https:\/\/api.w.org\/{rel}","templated":true}]}}