{"id":18,"date":"2024-02-06T11:42:54","date_gmt":"2024-02-06T11:42:54","guid":{"rendered":"https:\/\/fiaup.zeus.umh.es\/?page_id=18"},"modified":"2026-03-02T10:57:33","modified_gmt":"2026-03-02T09:57:33","slug":"home","status":"publish","type":"page","link":"https:\/\/fiaup.umh.es\/ca\/","title":{"rendered":"Inicio"},"content":{"rendered":"<p>[et_pb_section fb_built=&#8221;1&#8243; _builder_version=&#8221;4.17.4&#8243; _module_preset=&#8221;default&#8221; background_color=&#8221;#b3b3b3&#8243; background_image=&#8221;https:\/\/fiaup.umh.es\/files\/2024\/02\/2bannerIA.jpg&#8221; width=&#8221;100%&#8221; module_alignment=&#8221;center&#8221; height=&#8221;270px&#8221; height_tablet=&#8221;270px&#8221; height_phone=&#8221;270px&#8221; height_last_edited=&#8221;on|phone&#8221; collapsed=&#8221;off&#8221; global_colors_info=&#8221;{}&#8221; background__hover_enabled=&#8221;on|desktop&#8221;][et_pb_row _builder_version=&#8221;4.17.4&#8243; _module_preset=&#8221;default&#8221; custom_margin_tablet=&#8221;&#8221; custom_margin_phone=&#8221;-30px||||false|false&#8221; custom_margin_last_edited=&#8221;on|phone&#8221; global_colors_info=&#8221;{}&#8221;][et_pb_column type=&#8221;4_4&#8243; _builder_version=&#8221;4.17.4&#8243; _module_preset=&#8221;default&#8221; global_colors_info=&#8221;{}&#8221;][et_pb_text _builder_version=&#8221;4.17.4&#8243; _module_preset=&#8221;default&#8221; text_font=&#8221;|700|||||||&#8221; text_text_color=&#8221;#FFFFFF&#8221; text_font_size=&#8221;40px&#8221; text_line_height=&#8221;1.5em&#8221; global_colors_info=&#8221;{}&#8221;]<\/p>\n<p><span style=\"color: #ffffff\"><strong>Fundamentos IA usando Python &#8211; 2025<\/strong><\/span><\/p>\n<p>[\/et_pb_text][\/et_pb_column][\/et_pb_row][\/et_pb_section][et_pb_section fb_built=&#8221;1&#8243; _builder_version=&#8221;4.17.4&#8243; _module_preset=&#8221;default&#8221; background_color=&#8221;#FFFFFF&#8221; background_image=&#8221;https:\/\/fiaup.umh.es\/files\/2024\/02\/2bannerIA.jpg&#8221; background_blend=&#8221;overlay&#8221; min_height=&#8221;564px&#8221; custom_margin=&#8221;-17px|||||&#8221; custom_padding=&#8221;21px|||||&#8221; global_colors_info=&#8221;{}&#8221;][et_pb_row _builder_version=&#8221;4.17.4&#8243; _module_preset=&#8221;default&#8221; transform_scale_tablet=&#8221;&#8221; transform_scale_phone=&#8221;&#8221; transform_scale_last_edited=&#8221;on|phone&#8221; transform_translate=&#8221;0px|79px&#8221; transform_translate_tablet=&#8221;0px|79px&#8221; transform_translate_phone=&#8221;0px|0px&#8221; transform_translate_last_edited=&#8221;on|desktop&#8221; transform_translate_linked=&#8221;off&#8221; transform_rotate_tablet=&#8221;&#8221; transform_rotate_phone=&#8221;&#8221; transform_rotate_last_edited=&#8221;on|desktop&#8221; transform_skew_tablet=&#8221;&#8221; transform_skew_phone=&#8221;&#8221; transform_skew_last_edited=&#8221;on|desktop&#8221; transform_origin_tablet=&#8221;&#8221; transform_origin_phone=&#8221;&#8221; transform_origin_last_edited=&#8221;on|desktop&#8221; transform_styles_last_edited=&#8221;on|phone&#8221; min_height=&#8221;919.8px&#8221; custom_padding=&#8221;6px||76px||false|false&#8221; transform_styles_tablet=&#8221;&#8221; transform_styles_phone=&#8221;&#8221; global_colors_info=&#8221;{}&#8221;][et_pb_column type=&#8221;4_4&#8243; _builder_version=&#8221;4.17.4&#8243; _module_preset=&#8221;default&#8221; global_colors_info=&#8221;{}&#8221;][et_pb_text _builder_version=&#8221;4.17.4&#8243; _module_preset=&#8221;default&#8221; text_font=&#8221;Heebo|500|||||||&#8221; header_font=&#8221;Overpass||||||||&#8221; header_2_font=&#8221;Heebo|600|||||||&#8221; text_orientation=&#8221;right&#8221; width=&#8221;100%&#8221; max_width_tablet=&#8221;95%&#8221; max_width_phone=&#8221;95%&#8221; max_width_last_edited=&#8221;on|tablet&#8221; module_alignment=&#8221;right&#8221; custom_margin=&#8221;0px||||false|false&#8221; custom_padding=&#8221;||0px|||&#8221; inline_fonts=&#8221;Heebo&#8221; global_colors_info=&#8221;{}&#8221;]<\/p>\n<h1 style=\"text-align: left\">Presentaci\u00f3n<\/h1>\n<p>[\/et_pb_text][et_pb_text _builder_version=&#8221;4.17.4&#8243; _module_preset=&#8221;default&#8221; text_font_size=&#8221;16px&#8221; global_colors_info=&#8221;{}&#8221;]<\/p>\n<p>La inteligencia artificial (IA) est\u00e1 entre nosotros desde hace mucho tiempo, pero ha sido en estos \u00faltimos a\u00f1os cuando se ha despertado el inter\u00e9s por la IA debido al acceso de grandes cantidades de datos (el Big Data), el acceso a capacidad de computaci\u00f3n (procesadores potentes y de bajo coste) y el acceso a modelos y algoritmos de aprendizaje (modelos de Deep Learning).<\/p>\n<p>Esta expansi\u00f3n de la IA ha conducido a una preocupaci\u00f3n creciente sobre la influencia de la IA en nuestra vida cotidiana, tanto a nivel profesional como a nivel de formaci\u00f3n. Muchas noticias sobre la posibilidad de que la inteligencia artificial va a reemplazar muchos puestos de trabajo comienzan a preocupar en cuanto al futuro profesional de los j\u00f3venes que van a incorporarse en breve al mercado laboral.<\/p>\n<p>Las habilidades relacionadas con el aprendizaje continuo y las competencias en tecnolog\u00edas digitales para la automatizaci\u00f3n de tareas, la anal\u00edtica y capacidad cr\u00edtica, y la extracci\u00f3n de informaci\u00f3n de los datos son cr\u00edticas para el mercado laboral del 2030, seg\u00fan Bernard Marr. La computaci\u00f3n ha dejado de ser solo del dominio de los expertos, pues el mundo necesita \u201cbiling\u00fces\u201d tecnol\u00f3gicos, expertos en sus \u00e1mbitos de conocimiento y que a la par sepan usar la inteligencia artificial para abordar retos en dichos \u00e1mbitos (Rafael Reif, Rector del MIT).<\/p>\n<p>Los estudiantes de \u00e1mbitos alejados de las \u00e1reas de Computaci\u00f3n y de los Datos necesitan dominar el lenguaje de programaci\u00f3n Python para conocer las bases de la inteligencia artificial, para iniciarse en la automatizaci\u00f3n de tareas y de procesos repetitivos. As\u00ed, estos estudiantes estar\u00e1n en mejores condiciones de enfrentarse a la transformaci\u00f3n digital de las compa\u00f1\u00edas que estamos observando.<\/p>\n<p>Hay quien desanima a aprender a programar porque la IA automatizar\u00e1 el aprendizaje, en cambio otros autores dicen que\u00a0a medida que la programaci\u00f3n se vuelve m\u00e1s f\u00e1cil, \u00a1m\u00e1s personas deber\u00edan programar, no menos! (Andrew Ng)<\/p>\n<p>Conocer Python proporciona una base s\u00f3lida para interactuar de forma efectiva con una IA generativa, ya que permite comprender y manipular tanto los datos de entrada como la forma en que la IA procesa el lenguaje.<\/p>\n<p>La mayor\u00eda de las implementaciones de modelos generativos, como GPT, se desarrollan y utilizan a trav\u00e9s de APIs en Python. Saber programar en Python permite entender la l\u00f3gica detr\u00e1s de estas herramientas, lo que facilita formular preguntas o \u201cprompts\u201d m\u00e1s precisas y estructuradas. Esto se traduce en respuestas m\u00e1s relevantes y \u00fatiles de la IA.<\/p>\n<p>La habilidad de programar en Python ayuda a ver el paralelismo entre la estructura del c\u00f3digo y el lenguaje humano. Esto favorece la generaci\u00f3n de preguntas que son tanto precisas como l\u00f3gicas, aprovechando al m\u00e1ximo las capacidades de la IA generativa para interpretar y responder a consultas complejas.<\/p>\n<p>Este curso \u201cFundamentos de IA usando Python\u201d est\u00e1 dirigido a cualquier estudiante de doctorado, grado o m\u00e1ster oficial de la Universidad Miguel Hern\u00e1ndez de Elche, preferentemente de ramas diferentes a las ingenier\u00edas, donde no tienen formaci\u00f3n en programaci\u00f3n ni en creaci\u00f3n de algoritmos, de modo que al finalizar este curso adquirir\u00e1n las competencias b\u00e1sicas de pensamiento computacional, el an\u00e1lisis y resoluci\u00f3n de problemas basados en datos, utilizaci\u00f3n de librer\u00edas para procesamiento y visualizaci\u00f3n de im\u00e1genes, as\u00ed como la automaci\u00f3n de procesos como extracci\u00f3n y procesamiento de datos en PDFs y Excels.<\/p>\n<p>&nbsp;<\/p>\n<p>&nbsp;<\/p>\n<p>&nbsp;<\/p>\n<p>&nbsp;<\/p>\n<p>[\/et_pb_text][\/et_pb_column][\/et_pb_row][\/et_pb_section]<\/p>\n","protected":false},"excerpt":{"rendered":"<p>Fundamentos IA usando Python &#8211; 2025Presentaci\u00f3nLa inteligencia artificial (IA) est\u00e1 entre nosotros desde hace mucho tiempo, pero ha sido en estos \u00faltimos a\u00f1os cuando se ha despertado el inter\u00e9s por la IA debido al acceso de grandes cantidades de datos (el Big Data), el acceso a capacidad de computaci\u00f3n (procesadores potentes y de bajo coste) [&hellip;]<\/p>\n","protected":false},"author":19,"featured_media":0,"parent":0,"menu_order":0,"comment_status":"closed","ping_status":"closed","template":"","meta":{"_et_pb_use_builder":"on","_et_pb_old_content":"","_et_gb_content_width":"","_links_to":"","_links_to_target":""},"_links":{"self":[{"href":"https:\/\/fiaup.umh.es\/ca\/wp-json\/wp\/v2\/pages\/18"}],"collection":[{"href":"https:\/\/fiaup.umh.es\/ca\/wp-json\/wp\/v2\/pages"}],"about":[{"href":"https:\/\/fiaup.umh.es\/ca\/wp-json\/wp\/v2\/types\/page"}],"author":[{"embeddable":true,"href":"https:\/\/fiaup.umh.es\/ca\/wp-json\/wp\/v2\/users\/19"}],"replies":[{"embeddable":true,"href":"https:\/\/fiaup.umh.es\/ca\/wp-json\/wp\/v2\/comments?post=18"}],"version-history":[{"count":0,"href":"https:\/\/fiaup.umh.es\/ca\/wp-json\/wp\/v2\/pages\/18\/revisions"}],"wp:attachment":[{"href":"https:\/\/fiaup.umh.es\/ca\/wp-json\/wp\/v2\/media?parent=18"}],"curies":[{"name":"wp","href":"https:\/\/api.w.org\/{rel}","templated":true}]}}